{"id":75,"date":"2014-08-13T21:56:28","date_gmt":"2014-08-13T19:56:28","guid":{"rendered":"http:\/\/www.birkenheim-zell.at\/wordpress\/?page_id=75"},"modified":"2026-01-23T22:22:20","modified_gmt":"2026-01-23T20:22:20","slug":"zimmer","status":"publish","type":"page","link":"http:\/\/www.birkenheim-zell.at\/wordpress\/?page_id=75","title":{"rendered":"Zimmer"},"content":{"rendered":"<p>Wir haben Doppelzimmer, 3-Bett-Zimmer, sowie Familienzimmer f\u00fcr 4 Personen und Einzelzimmer. Alle Zimmer sind mit Dusche und WC, sowie SAT-TV mit LCD Flachbildschirmen ausgestattet. Teilweise verf\u00fcgen die Zimmer \u00fcber Balkon. Auch W-Lan ist verf\u00fcgbar.<\/p>\n\n\nngg_shortcode_0_placeholder\n\n\n\n<p><\/p>\n","protected":false},"excerpt":{"rendered":"<p>Wir haben Doppelzimmer, 3-Bett-Zimmer, sowie Familienzimmer f\u00fcr 4 Personen und Einzelzimmer. Alle Zimmer sind mit Dusche und WC, sowie SAT-TV mit LCD Flachbildschirmen ausgestattet. Teilweise verf\u00fcgen die Zimmer \u00fcber Balkon. Auch W-Lan ist verf\u00fcgbar.<\/p>\n","protected":false},"author":1,"featured_media":0,"parent":69,"menu_order":3,"comment_status":"closed","ping_status":"closed","template":"","meta":{"ngg_post_thumbnail":0,"footnotes":""},"class_list":["post-75","page","type-page","status-publish","hentry"],"jetpack_sharing_enabled":true,"_links":{"self":[{"href":"http:\/\/www.birkenheim-zell.at\/wordpress\/index.php?rest_route=\/wp\/v2\/pages\/75","targetHints":{"allow":["GET"]}}],"collection":[{"href":"http:\/\/www.birkenheim-zell.at\/wordpress\/index.php?rest_route=\/wp\/v2\/pages"}],"about":[{"href":"http:\/\/www.birkenheim-zell.at\/wordpress\/index.php?rest_route=\/wp\/v2\/types\/page"}],"author":[{"embeddable":true,"href":"http:\/\/www.birkenheim-zell.at\/wordpress\/index.php?rest_route=\/wp\/v2\/users\/1"}],"replies":[{"embeddable":true,"href":"http:\/\/www.birkenheim-zell.at\/wordpress\/index.php?rest_route=%2Fwp%2Fv2%2Fcomments&post=75"}],"version-history":[{"count":6,"href":"http:\/\/www.birkenheim-zell.at\/wordpress\/index.php?rest_route=\/wp\/v2\/pages\/75\/revisions"}],"predecessor-version":[{"id":973,"href":"http:\/\/www.birkenheim-zell.at\/wordpress\/index.php?rest_route=\/wp\/v2\/pages\/75\/revisions\/973"}],"up":[{"embeddable":true,"href":"http:\/\/www.birkenheim-zell.at\/wordpress\/index.php?rest_route=\/wp\/v2\/pages\/69"}],"wp:attachment":[{"href":"http:\/\/www.birkenheim-zell.at\/wordpress\/index.php?rest_route=%2Fwp%2Fv2%2Fmedia&parent=75"}],"curies":[{"name":"wp","href":"https:\/\/api.w.org\/{rel}","templated":true}]}}