{"id":73,"date":"2014-08-13T21:56:19","date_gmt":"2014-08-13T19:56:19","guid":{"rendered":"http:\/\/www.birkenheim-zell.at\/wordpress\/?page_id=73"},"modified":"2026-01-23T22:27:17","modified_gmt":"2026-01-23T20:27:17","slug":"ferienwohnungen","status":"publish","type":"page","link":"http:\/\/www.birkenheim-zell.at\/wordpress\/?page_id=73","title":{"rendered":"Ferienwohnungen"},"content":{"rendered":"<p>Unser Haus verf\u00fcgt \u00fcber 1 Ferienwohnung f\u00fcr 4 Personen mit zwei Schlafzimmern mit Sat-TV, einer K\u00fcche mit Essecke, zwei Badezimmer mit Dusche und WC, sowie Balkon und Terrasse. W-Lan ist verf\u00fcgbar. (Wohnfl\u00e4che 70 m\u00b2)<\/p>\n\n<p>&nbsp;<\/p>\n<p>Weiters haben wir 2 Ferienwohnungen f\u00fcr je 2 Personen mit Schlafzimmer, welche mit LCD-Flachbildschirmen ausgestattet sind, sowie einer K\u00fcche mit Essecke. W-Lan ist verf\u00fcgbar.&nbsp;(Wohnfl\u00e4che 25 m\u00b2)<\/p>\n\n\n<figure class=\"wp-block-image size-large\"><img loading=\"lazy\" decoding=\"async\" width=\"1024\" height=\"768\" src=\"http:\/\/www.birkenheim-zell.at\/wordpress\/wp-content\/uploads\/2020\/12\/DSC05068-1024x768.jpg\" alt=\"\" class=\"wp-image-779\" srcset=\"http:\/\/www.birkenheim-zell.at\/wordpress\/wp-content\/uploads\/2020\/12\/DSC05068-1024x768.jpg 1024w, http:\/\/www.birkenheim-zell.at\/wordpress\/wp-content\/uploads\/2020\/12\/DSC05068-300x225.jpg 300w, http:\/\/www.birkenheim-zell.at\/wordpress\/wp-content\/uploads\/2020\/12\/DSC05068-768x576.jpg 768w, http:\/\/www.birkenheim-zell.at\/wordpress\/wp-content\/uploads\/2020\/12\/DSC05068-1536x1152.jpg 1536w, http:\/\/www.birkenheim-zell.at\/wordpress\/wp-content\/uploads\/2020\/12\/DSC05068-2048x1536.jpg 2048w, http:\/\/www.birkenheim-zell.at\/wordpress\/wp-content\/uploads\/2020\/12\/DSC05068-150x113.jpg 150w, http:\/\/www.birkenheim-zell.at\/wordpress\/wp-content\/uploads\/2020\/12\/DSC05068-200x150.jpg 200w\" sizes=\"auto, (max-width: 1024px) 100vw, 1024px\" \/><\/figure>\n\n\n\n<figure class=\"wp-block-image size-large\"><img loading=\"lazy\" decoding=\"async\" width=\"1024\" height=\"768\" src=\"http:\/\/www.birkenheim-zell.at\/wordpress\/wp-content\/uploads\/2020\/12\/DSC05071-1024x768.jpg\" alt=\"\" class=\"wp-image-780\" srcset=\"http:\/\/www.birkenheim-zell.at\/wordpress\/wp-content\/uploads\/2020\/12\/DSC05071-1024x768.jpg 1024w, http:\/\/www.birkenheim-zell.at\/wordpress\/wp-content\/uploads\/2020\/12\/DSC05071-300x225.jpg 300w, http:\/\/www.birkenheim-zell.at\/wordpress\/wp-content\/uploads\/2020\/12\/DSC05071-768x576.jpg 768w, http:\/\/www.birkenheim-zell.at\/wordpress\/wp-content\/uploads\/2020\/12\/DSC05071-1536x1152.jpg 1536w, http:\/\/www.birkenheim-zell.at\/wordpress\/wp-content\/uploads\/2020\/12\/DSC05071-2048x1536.jpg 2048w, http:\/\/www.birkenheim-zell.at\/wordpress\/wp-content\/uploads\/2020\/12\/DSC05071-150x113.jpg 150w, http:\/\/www.birkenheim-zell.at\/wordpress\/wp-content\/uploads\/2020\/12\/DSC05071-200x150.jpg 200w\" sizes=\"auto, (max-width: 1024px) 100vw, 1024px\" \/><\/figure>\n\n\n\n<figure class=\"wp-block-image size-large\"><img loading=\"lazy\" decoding=\"async\" width=\"1024\" height=\"768\" src=\"http:\/\/www.birkenheim-zell.at\/wordpress\/wp-content\/uploads\/2020\/12\/DSC03653-1024x768.jpg\" alt=\"\" class=\"wp-image-784\" srcset=\"http:\/\/www.birkenheim-zell.at\/wordpress\/wp-content\/uploads\/2020\/12\/DSC03653-1024x768.jpg 1024w, http:\/\/www.birkenheim-zell.at\/wordpress\/wp-content\/uploads\/2020\/12\/DSC03653-300x225.jpg 300w, http:\/\/www.birkenheim-zell.at\/wordpress\/wp-content\/uploads\/2020\/12\/DSC03653-768x576.jpg 768w, http:\/\/www.birkenheim-zell.at\/wordpress\/wp-content\/uploads\/2020\/12\/DSC03653-1536x1152.jpg 1536w, http:\/\/www.birkenheim-zell.at\/wordpress\/wp-content\/uploads\/2020\/12\/DSC03653-2048x1536.jpg 2048w, http:\/\/www.birkenheim-zell.at\/wordpress\/wp-content\/uploads\/2020\/12\/DSC03653-150x113.jpg 150w, http:\/\/www.birkenheim-zell.at\/wordpress\/wp-content\/uploads\/2020\/12\/DSC03653-200x150.jpg 200w\" sizes=\"auto, (max-width: 1024px) 100vw, 1024px\" \/><figcaption>1.Schlafzimmer <\/figcaption><\/figure>\n\n\n\n<figure class=\"wp-block-image size-large\"><img loading=\"lazy\" decoding=\"async\" width=\"600\" height=\"450\" src=\"http:\/\/www.birkenheim-zell.at\/wordpress\/wp-content\/uploads\/2020\/12\/Kueche.jpg\" alt=\"\" class=\"wp-image-786\" srcset=\"http:\/\/www.birkenheim-zell.at\/wordpress\/wp-content\/uploads\/2020\/12\/Kueche.jpg 600w, http:\/\/www.birkenheim-zell.at\/wordpress\/wp-content\/uploads\/2020\/12\/Kueche-300x225.jpg 300w, http:\/\/www.birkenheim-zell.at\/wordpress\/wp-content\/uploads\/2020\/12\/Kueche-150x113.jpg 150w, http:\/\/www.birkenheim-zell.at\/wordpress\/wp-content\/uploads\/2020\/12\/Kueche-200x150.jpg 200w\" sizes=\"auto, (max-width: 600px) 100vw, 600px\" \/><figcaption>K\u00fcche <\/figcaption><\/figure>\n\n\n\n<figure class=\"wp-block-image size-large\"><img loading=\"lazy\" decoding=\"async\" width=\"1024\" height=\"768\" src=\"http:\/\/www.birkenheim-zell.at\/wordpress\/wp-content\/uploads\/2020\/12\/DSC05079-1024x768.jpg\" alt=\"\" class=\"wp-image-787\" srcset=\"http:\/\/www.birkenheim-zell.at\/wordpress\/wp-content\/uploads\/2020\/12\/DSC05079-1024x768.jpg 1024w, http:\/\/www.birkenheim-zell.at\/wordpress\/wp-content\/uploads\/2020\/12\/DSC05079-300x225.jpg 300w, http:\/\/www.birkenheim-zell.at\/wordpress\/wp-content\/uploads\/2020\/12\/DSC05079-768x576.jpg 768w, http:\/\/www.birkenheim-zell.at\/wordpress\/wp-content\/uploads\/2020\/12\/DSC05079-1536x1152.jpg 1536w, http:\/\/www.birkenheim-zell.at\/wordpress\/wp-content\/uploads\/2020\/12\/DSC05079-2048x1536.jpg 2048w, http:\/\/www.birkenheim-zell.at\/wordpress\/wp-content\/uploads\/2020\/12\/DSC05079-150x113.jpg 150w, http:\/\/www.birkenheim-zell.at\/wordpress\/wp-content\/uploads\/2020\/12\/DSC05079-200x150.jpg 200w\" sizes=\"auto, (max-width: 1024px) 100vw, 1024px\" \/><figcaption>2.Schlafzimmer <\/figcaption><\/figure>\n","protected":false},"excerpt":{"rendered":"<p>Unser Haus verf\u00fcgt \u00fcber 1 Ferienwohnung f\u00fcr 4 Personen mit zwei Schlafzimmern mit Sat-TV, einer K\u00fcche mit Essecke, zwei Badezimmer mit Dusche und WC, sowie Balkon und Terrasse. W-Lan ist verf\u00fcgbar. (Wohnfl\u00e4che 70 m\u00b2) &nbsp; Weiters haben wir 2 Ferienwohnungen f\u00fcr je 2 Personen mit Schlafzimmer, welche mit LCD-Flachbildschirmen ausgestattet \u2026 <a class=\"continue-reading-link\" href=\"http:\/\/www.birkenheim-zell.at\/wordpress\/?page_id=73\">Weiterlesen&#8230; <span class=\"meta-nav\">&rarr; <\/span><\/a><\/p>\n","protected":false},"author":1,"featured_media":0,"parent":69,"menu_order":2,"comment_status":"closed","ping_status":"closed","template":"","meta":{"ngg_post_thumbnail":0,"footnotes":""},"class_list":["post-73","page","type-page","status-publish","hentry"],"jetpack_sharing_enabled":true,"_links":{"self":[{"href":"http:\/\/www.birkenheim-zell.at\/wordpress\/index.php?rest_route=\/wp\/v2\/pages\/73","targetHints":{"allow":["GET"]}}],"collection":[{"href":"http:\/\/www.birkenheim-zell.at\/wordpress\/index.php?rest_route=\/wp\/v2\/pages"}],"about":[{"href":"http:\/\/www.birkenheim-zell.at\/wordpress\/index.php?rest_route=\/wp\/v2\/types\/page"}],"author":[{"embeddable":true,"href":"http:\/\/www.birkenheim-zell.at\/wordpress\/index.php?rest_route=\/wp\/v2\/users\/1"}],"replies":[{"embeddable":true,"href":"http:\/\/www.birkenheim-zell.at\/wordpress\/index.php?rest_route=%2Fwp%2Fv2%2Fcomments&post=73"}],"version-history":[{"count":8,"href":"http:\/\/www.birkenheim-zell.at\/wordpress\/index.php?rest_route=\/wp\/v2\/pages\/73\/revisions"}],"predecessor-version":[{"id":976,"href":"http:\/\/www.birkenheim-zell.at\/wordpress\/index.php?rest_route=\/wp\/v2\/pages\/73\/revisions\/976"}],"up":[{"embeddable":true,"href":"http:\/\/www.birkenheim-zell.at\/wordpress\/index.php?rest_route=\/wp\/v2\/pages\/69"}],"wp:attachment":[{"href":"http:\/\/www.birkenheim-zell.at\/wordpress\/index.php?rest_route=%2Fwp%2Fv2%2Fmedia&parent=73"}],"curies":[{"name":"wp","href":"https:\/\/api.w.org\/{rel}","templated":true}]}}